{"id":930,"date":"2019-08-14T14:32:18","date_gmt":"2019-08-14T18:32:18","guid":{"rendered":"http:\/\/ciraig.org\/wordpress\/?page_id=930"},"modified":"2022-10-04T18:11:04","modified_gmt":"2022-10-04T22:11:04","slug":"contacter","status":"publish","type":"page","link":"https:\/\/ciraig.org\/index.php\/fr\/contacter\/","title":{"rendered":"Nous contacter"},"content":{"rendered":"\t\t<div data-elementor-type=\"wp-post\" data-elementor-id=\"930\" class=\"elementor elementor-930\" data-elementor-post-type=\"page\">\n\t\t\t\t\t\t<section class=\"elementor-section elementor-top-section elementor-element elementor-element-e7445a0 elementor-section-full_width elementor-section-items-stretch elementor-section-height-min-height elementor-section-content-middle elementor-section-height-default\" data-id=\"e7445a0\" data-element_type=\"section\" data-e-type=\"section\" data-settings=\"{&quot;background_background&quot;:&quot;classic&quot;}\">\n\t\t\t\t\t\t<div class=\"elementor-container elementor-column-gap-default\">\n\t\t\t\t\t<div class=\"elementor-column elementor-col-100 elementor-top-column elementor-element elementor-element-475c105\" data-id=\"475c105\" data-element_type=\"column\" data-e-type=\"column\" data-settings=\"{&quot;background_background&quot;:&quot;classic&quot;}\">\n\t\t\t<div class=\"elementor-widget-wrap elementor-element-populated\">\n\t\t\t\t\t\t<div class=\"elementor-element elementor-element-2f9ec11 elementor-widget elementor-widget-heading\" data-id=\"2f9ec11\" data-element_type=\"widget\" data-e-type=\"widget\" data-widget_type=\"heading.default\">\n\t\t\t\t<div class=\"elementor-widget-container\">\n\t\t\t\t\t<h1 class=\"elementor-heading-title elementor-size-default\">Nous contacter<\/h1>\t\t\t\t<\/div>\n\t\t\t\t<\/div>\n\t\t\t\t\t<\/div>\n\t\t<\/div>\n\t\t\t\t\t<\/div>\n\t\t<\/section>\n\t\t\t\t<section class=\"elementor-section elementor-top-section elementor-element elementor-element-5df2012 elementor-section-content-middle elementor-section-boxed elementor-section-height-default elementor-section-height-default\" data-id=\"5df2012\" data-element_type=\"section\" data-e-type=\"section\">\n\t\t\t\t\t\t<div class=\"elementor-container elementor-column-gap-no\">\n\t\t\t\t\t<div class=\"elementor-column elementor-col-100 elementor-top-column elementor-element elementor-element-18c76de\" data-id=\"18c76de\" data-element_type=\"column\" data-e-type=\"column\" data-settings=\"{&quot;background_background&quot;:&quot;classic&quot;}\">\n\t\t\t<div class=\"elementor-widget-wrap elementor-element-populated\">\n\t\t\t\t\t\t<section class=\"elementor-section elementor-inner-section elementor-element elementor-element-eaacb15 elementor-section-boxed elementor-section-height-default elementor-section-height-default\" data-id=\"eaacb15\" data-element_type=\"section\" data-e-type=\"section\">\n\t\t\t\t\t\t<div class=\"elementor-container elementor-column-gap-default\">\n\t\t\t\t\t<div class=\"elementor-column elementor-col-33 elementor-inner-column elementor-element elementor-element-58dec35\" data-id=\"58dec35\" data-element_type=\"column\" data-e-type=\"column\">\n\t\t\t<div class=\"elementor-widget-wrap elementor-element-populated\">\n\t\t\t\t\t\t<div class=\"elementor-element elementor-element-4e2a23f elementor-widget elementor-widget-heading\" data-id=\"4e2a23f\" data-element_type=\"widget\" data-e-type=\"widget\" data-widget_type=\"heading.default\">\n\t\t\t\t<div class=\"elementor-widget-container\">\n\t\t\t\t\t<h5 class=\"elementor-heading-title elementor-size-default\">Adresse<\/h5>\t\t\t\t<\/div>\n\t\t\t\t<\/div>\n\t\t\t\t<div class=\"elementor-element elementor-element-575b708 elementor-icon-list--layout-traditional elementor-list-item-link-full_width elementor-widget elementor-widget-icon-list\" data-id=\"575b708\" data-element_type=\"widget\" data-e-type=\"widget\" data-widget_type=\"icon-list.default\">\n\t\t\t\t<div class=\"elementor-widget-container\">\n\t\t\t\t\t\t\t<ul class=\"elementor-icon-list-items\">\n\t\t\t\t\t\t\t<li class=\"elementor-icon-list-item\">\n\t\t\t\t\t\t\t\t\t\t\t<span class=\"elementor-icon-list-icon\">\n\t\t\t\t\t\t\t<i aria-hidden=\"true\" class=\"fas fa-building\"><\/i>\t\t\t\t\t\t<\/span>\n\t\t\t\t\t\t\t\t\t\t<span class=\"elementor-icon-list-text\">3333 rue Queen Mary<br>Suite 310 <br>Montreal, Quebec<br>H3V1A2<br>Canada<\/span>\n\t\t\t\t\t\t\t\t\t<\/li>\n\t\t\t\t\t\t<\/ul>\n\t\t\t\t\t\t<\/div>\n\t\t\t\t<\/div>\n\t\t\t\t\t<\/div>\n\t\t<\/div>\n\t\t\t\t<div class=\"elementor-column elementor-col-33 elementor-inner-column elementor-element elementor-element-e59557f\" data-id=\"e59557f\" data-element_type=\"column\" data-e-type=\"column\">\n\t\t\t<div class=\"elementor-widget-wrap elementor-element-populated\">\n\t\t\t\t\t\t<div class=\"elementor-element elementor-element-f28a0e8 elementor-widget elementor-widget-heading\" data-id=\"f28a0e8\" data-element_type=\"widget\" data-e-type=\"widget\" data-widget_type=\"heading.default\">\n\t\t\t\t<div class=\"elementor-widget-container\">\n\t\t\t\t\t<h5 class=\"elementor-heading-title elementor-size-default\">T\u00e9l\u00e9phone<\/h5>\t\t\t\t<\/div>\n\t\t\t\t<\/div>\n\t\t\t\t<div class=\"elementor-element elementor-element-96dd590 elementor-icon-list--layout-traditional elementor-list-item-link-full_width elementor-widget elementor-widget-icon-list\" data-id=\"96dd590\" data-element_type=\"widget\" data-e-type=\"widget\" data-widget_type=\"icon-list.default\">\n\t\t\t\t<div class=\"elementor-widget-container\">\n\t\t\t\t\t\t\t<ul class=\"elementor-icon-list-items\">\n\t\t\t\t\t\t\t<li class=\"elementor-icon-list-item\">\n\t\t\t\t\t\t\t\t\t\t\t<span class=\"elementor-icon-list-icon\">\n\t\t\t\t\t\t\t<i aria-hidden=\"true\" class=\"fas fa-phone-alt\"><\/i>\t\t\t\t\t\t<\/span>\n\t\t\t\t\t\t\t\t\t\t<span class=\"elementor-icon-list-text\">(514) 340-4711<\/span>\n\t\t\t\t\t\t\t\t\t<\/li>\n\t\t\t\t\t\t<\/ul>\n\t\t\t\t\t\t<\/div>\n\t\t\t\t<\/div>\n\t\t\t\t\t<\/div>\n\t\t<\/div>\n\t\t\t\t<div class=\"elementor-column elementor-col-33 elementor-inner-column elementor-element elementor-element-2502168\" data-id=\"2502168\" data-element_type=\"column\" data-e-type=\"column\">\n\t\t\t<div class=\"elementor-widget-wrap elementor-element-populated\">\n\t\t\t\t\t\t<div class=\"elementor-element elementor-element-7799b58 elementor-widget elementor-widget-heading\" data-id=\"7799b58\" data-element_type=\"widget\" data-e-type=\"widget\" data-widget_type=\"heading.default\">\n\t\t\t\t<div class=\"elementor-widget-container\">\n\t\t\t\t\t<h5 class=\"elementor-heading-title elementor-size-default\">Courriel<\/h5>\t\t\t\t<\/div>\n\t\t\t\t<\/div>\n\t\t\t\t<div class=\"elementor-element elementor-element-17e8fa8 elementor-icon-list--layout-traditional elementor-list-item-link-full_width elementor-widget elementor-widget-icon-list\" data-id=\"17e8fa8\" data-element_type=\"widget\" data-e-type=\"widget\" data-widget_type=\"icon-list.default\">\n\t\t\t\t<div class=\"elementor-widget-container\">\n\t\t\t\t\t\t\t<ul class=\"elementor-icon-list-items\">\n\t\t\t\t\t\t\t<li class=\"elementor-icon-list-item\">\n\t\t\t\t\t\t\t\t\t\t\t<a href=\"mailto:info@ciraig.org\">\n\n\t\t\t\t\t\t\t\t\t\t\t\t<span class=\"elementor-icon-list-icon\">\n\t\t\t\t\t\t\t<i aria-hidden=\"true\" class=\"far fa-envelope\"><\/i>\t\t\t\t\t\t<\/span>\n\t\t\t\t\t\t\t\t\t\t<span class=\"elementor-icon-list-text\">info@ciraig.org<\/span>\n\t\t\t\t\t\t\t\t\t\t\t<\/a>\n\t\t\t\t\t\t\t\t\t<\/li>\n\t\t\t\t\t\t<\/ul>\n\t\t\t\t\t\t<\/div>\n\t\t\t\t<\/div>\n\t\t\t\t\t<\/div>\n\t\t<\/div>\n\t\t\t\t\t<\/div>\n\t\t<\/section>\n\t\t\t\t<div class=\"elementor-element elementor-element-c55f05f elementor-widget elementor-widget-heading\" data-id=\"c55f05f\" data-element_type=\"widget\" data-e-type=\"widget\" data-widget_type=\"heading.default\">\n\t\t\t\t<div class=\"elementor-widget-container\">\n\t\t\t\t\t<h5 class=\"elementor-heading-title elementor-size-default\">Heures d'ouverture<\/h5>\t\t\t\t<\/div>\n\t\t\t\t<\/div>\n\t\t\t\t<div class=\"elementor-element elementor-element-2358679 elementor-widget elementor-widget-text-editor\" data-id=\"2358679\" data-element_type=\"widget\" data-e-type=\"widget\" data-widget_type=\"text-editor.default\">\n\t\t\t\t<div class=\"elementor-widget-container\">\n\t\t\t\t\t\t\t\t\t<p>Nous sommes ouverts de 9h \u00e0 17h, les lundis au vendredi \u00e0 l&#8217;exception des jours f\u00e9ri\u00e9s.\u00a0<\/p>\t\t\t\t\t\t\t\t<\/div>\n\t\t\t\t<\/div>\n\t\t\t\t\t<\/div>\n\t\t<\/div>\n\t\t\t\t\t<\/div>\n\t\t<\/section>\n\t\t\t\t<section class=\"elementor-section elementor-top-section elementor-element elementor-element-d8d9cbd elementor-section-height-min-height elementor-section-boxed elementor-section-height-default elementor-section-items-middle\" data-id=\"d8d9cbd\" data-element_type=\"section\" data-e-type=\"section\">\n\t\t\t\t\t\t<div class=\"elementor-container elementor-column-gap-default\">\n\t\t\t\t\t<div class=\"elementor-column elementor-col-100 elementor-top-column elementor-element elementor-element-2763e9f\" data-id=\"2763e9f\" data-element_type=\"column\" data-e-type=\"column\" data-settings=\"{&quot;background_background&quot;:&quot;classic&quot;}\">\n\t\t\t<div class=\"elementor-widget-wrap elementor-element-populated\">\n\t\t\t\t\t\t<div class=\"elementor-element elementor-element-ccf191b elementor-widget elementor-widget-text-editor\" data-id=\"ccf191b\" data-element_type=\"widget\" data-e-type=\"widget\" data-widget_type=\"text-editor.default\">\n\t\t\t\t<div class=\"elementor-widget-container\">\n\t\t\t\t\t\t\t\t\t<p>Pour toute question, veuillez nous contacter avec le formulaire ci-dessous ou nous \u00e9crire \u00e0 <a href=\"mailto:info@ciraig.org\">info@ciraig.org<\/a><\/p><p><span style=\"background-color: var( --e-global-color-17cb9502 );\">Veuillez nous accorder 3 \u00e0 5 jours ouvrables pour r\u00e9pondre \u00e0 votre demande.\u00a0<\/span><\/p>\t\t\t\t\t\t\t\t<\/div>\n\t\t\t\t<\/div>\n\t\t\t\t<div class=\"elementor-element elementor-element-d4dca6b elementor-button-align-stretch elementor-widget elementor-widget-form\" data-id=\"d4dca6b\" data-element_type=\"widget\" data-e-type=\"widget\" data-settings=\"{&quot;step_next_label&quot;:&quot;Next&quot;,&quot;step_previous_label&quot;:&quot;Previous&quot;,&quot;button_width&quot;:&quot;100&quot;,&quot;step_type&quot;:&quot;number_text&quot;,&quot;step_icon_shape&quot;:&quot;circle&quot;}\" data-widget_type=\"form.default\">\n\t\t\t\t<div class=\"elementor-widget-container\">\n\t\t\t\t\t\t\t<form class=\"elementor-form\" method=\"post\" name=\"Contact Form (FR)\" aria-label=\"Contact Form (FR)\">\n\t\t\t<input type=\"hidden\" name=\"post_id\" value=\"930\"\/>\n\t\t\t<input type=\"hidden\" name=\"form_id\" value=\"d4dca6b\"\/>\n\t\t\t<input type=\"hidden\" name=\"referer_title\" value=\"Nous contacter - CIRAIG\" \/>\n\n\t\t\t\t\t\t\t<input type=\"hidden\" name=\"queried_id\" value=\"930\"\/>\n\t\t\t\n\t\t\t<div class=\"elementor-form-fields-wrapper elementor-labels-\">\n\t\t\t\t\t\t\t\t<div class=\"elementor-field-type-text elementor-field-group elementor-column elementor-field-group-name elementor-col-100\">\n\t\t\t\t\t\t\t\t\t\t\t\t<label for=\"form-field-name\" class=\"elementor-field-label elementor-screen-only\">\n\t\t\t\t\t\t\t\tNom\t\t\t\t\t\t\t<\/label>\n\t\t\t\t\t\t\t\t\t\t\t\t\t\t<input size=\"1\" type=\"text\" name=\"form_fields[name]\" id=\"form-field-name\" class=\"elementor-field elementor-size-sm  elementor-field-textual\" placeholder=\"Nom\">\n\t\t\t\t\t\t\t\t\t\t\t<\/div>\n\t\t\t\t\t\t\t\t<div class=\"elementor-field-type-email elementor-field-group elementor-column elementor-field-group-email elementor-col-100 elementor-field-required\">\n\t\t\t\t\t\t\t\t\t\t\t\t<label for=\"form-field-email\" class=\"elementor-field-label elementor-screen-only\">\n\t\t\t\t\t\t\t\tCourriel\t\t\t\t\t\t\t<\/label>\n\t\t\t\t\t\t\t\t\t\t\t\t\t\t<input size=\"1\" type=\"email\" name=\"form_fields[email]\" id=\"form-field-email\" class=\"elementor-field elementor-size-sm  elementor-field-textual\" placeholder=\"Courriel\" required=\"required\">\n\t\t\t\t\t\t\t\t\t\t\t<\/div>\n\t\t\t\t\t\t\t\t<div class=\"elementor-field-type-text elementor-field-group elementor-column elementor-field-group-field_4010998 elementor-col-100\">\n\t\t\t\t\t\t\t\t\t\t\t\t<label for=\"form-field-field_4010998\" class=\"elementor-field-label elementor-screen-only\">\n\t\t\t\t\t\t\t\tNom d'entreprise\t\t\t\t\t\t\t<\/label>\n\t\t\t\t\t\t\t\t\t\t\t\t\t\t<input size=\"1\" type=\"text\" name=\"form_fields[field_4010998]\" id=\"form-field-field_4010998\" class=\"elementor-field elementor-size-sm  elementor-field-textual\" placeholder=\"Nom d&#039;entreprise\">\n\t\t\t\t\t\t\t\t\t\t\t<\/div>\n\t\t\t\t\t\t\t\t<div class=\"elementor-field-type-textarea elementor-field-group elementor-column elementor-field-group-message elementor-col-100\">\n\t\t\t\t\t\t\t\t\t\t\t\t<label for=\"form-field-message\" class=\"elementor-field-label elementor-screen-only\">\n\t\t\t\t\t\t\t\tMessage\t\t\t\t\t\t\t<\/label>\n\t\t\t\t\t\t<textarea class=\"elementor-field-textual elementor-field  elementor-size-sm\" name=\"form_fields[message]\" id=\"form-field-message\" rows=\"4\" placeholder=\"Message\"><\/textarea>\t\t\t\t<\/div>\n\t\t\t\t\t\t\t\t<div class=\"elementor-field-type-recaptcha_v3 elementor-field-group elementor-column elementor-field-group-recaptcha elementor-col-100 recaptcha_v3-bottomright\">\n\t\t\t\t\t<div class=\"elementor-field\" id=\"form-field-recaptcha\"><div class=\"elementor-g-recaptcha\" data-sitekey=\"6LeygigbAAAAAM6-axaPQqhhlPm5QZe2Z57LetdA\" data-type=\"v3\" data-action=\"Form\" data-badge=\"bottomright\" data-size=\"invisible\"><\/div><\/div>\t\t\t\t<\/div>\n\t\t\t\t\t\t\t\t<div class=\"elementor-field-group elementor-column elementor-field-type-submit elementor-col-100 e-form__buttons\">\n\t\t\t\t\t<button class=\"elementor-button elementor-size-sm\" type=\"submit\">\n\t\t\t\t\t\t<span class=\"elementor-button-content-wrapper\">\n\t\t\t\t\t\t\t\t\t\t\t\t\t\t\t\t\t\t\t\t\t\t<span class=\"elementor-button-text\">Envoyer<\/span>\n\t\t\t\t\t\t\t\t\t\t\t\t\t<\/span>\n\t\t\t\t\t<\/button>\n\t\t\t\t<\/div>\n\t\t\t<\/div>\n\t\t<\/form>\n\t\t\t\t\t\t<\/div>\n\t\t\t\t<\/div>\n\t\t\t\t\t<\/div>\n\t\t<\/div>\n\t\t\t\t\t<\/div>\n\t\t<\/section>\n\t\t\t\t<section class=\"elementor-section elementor-top-section elementor-element elementor-element-3451208 elementor-section-full_width elementor-section-height-min-height elementor-section-height-default elementor-section-items-middle\" data-id=\"3451208\" data-element_type=\"section\" data-e-type=\"section\">\n\t\t\t\t\t\t<div class=\"elementor-container elementor-column-gap-default\">\n\t\t\t\t\t<div class=\"elementor-column elementor-col-100 elementor-top-column elementor-element elementor-element-ae64e24\" data-id=\"ae64e24\" data-element_type=\"column\" data-e-type=\"column\">\n\t\t\t<div class=\"elementor-widget-wrap elementor-element-populated\">\n\t\t\t\t\t\t<div class=\"elementor-element elementor-element-c82bfca elementor-widget elementor-widget-google_maps\" data-id=\"c82bfca\" data-element_type=\"widget\" data-e-type=\"widget\" data-widget_type=\"google_maps.default\">\n\t\t\t\t<div class=\"elementor-widget-container\">\n\t\t\t\t\t\t\t<div class=\"elementor-custom-embed\">\n\t\t\t<iframe loading=\"lazy\"\n\t\t\t\t\tsrc=\"https:\/\/maps.google.com\/maps?q=ciraig%2C%20montreal&#038;t=m&#038;z=12&#038;output=embed&#038;iwloc=near\"\n\t\t\t\t\ttitle=\"ciraig, montreal\"\n\t\t\t\t\taria-label=\"ciraig, montreal\"\n\t\t\t><\/iframe>\n\t\t<\/div>\n\t\t\t\t\t\t<\/div>\n\t\t\t\t<\/div>\n\t\t\t\t\t<\/div>\n\t\t<\/div>\n\t\t\t\t\t<\/div>\n\t\t<\/section>\n\t\t\t\t<\/div>\n\t\t","protected":false},"excerpt":{"rendered":"<p>Nous contacter Adresse 3333 rue Queen MarySuite 310 Montreal, QuebecH3V1A2Canada T\u00e9l\u00e9phone (514) 340-4711 Courriel info@ciraig.org Heures d&#8217;ouverture Nous sommes ouverts de 9h \u00e0 17h, les lundis au vendredi \u00e0 l&#8217;exception des jours f\u00e9ri\u00e9s.\u00a0 Pour toute question, veuillez nous contacter avec le formulaire ci-dessous ou nous \u00e9crire \u00e0 info@ciraig.org Veuillez nous accorder 3 \u00e0 5 jours [&hellip;]<\/p>\n","protected":false},"author":1,"featured_media":9804,"parent":0,"menu_order":0,"comment_status":"closed","ping_status":"closed","template":"elementor_header_footer","meta":{"footnotes":""},"class_list":["post-930","page","type-page","status-publish","has-post-thumbnail","hentry"],"yoast_head":"<!-- This site is optimized with the Yoast SEO plugin v27.4 - https:\/\/yoast.com\/product\/yoast-seo-wordpress\/ -->\n<title>Nous contacter - CIRAIG<\/title>\n<meta name=\"robots\" content=\"index, follow, max-snippet:-1, max-image-preview:large, max-video-preview:-1\" \/>\n<link rel=\"canonical\" href=\"https:\/\/ciraig.org\/index.php\/fr\/contacter\/\" \/>\n<meta property=\"og:locale\" content=\"en_US\" \/>\n<meta property=\"og:type\" content=\"article\" \/>\n<meta property=\"og:title\" content=\"Nous contacter - CIRAIG\" \/>\n<meta property=\"og:description\" content=\"Nous contacter Adresse 3333 rue Queen MarySuite 310 Montreal, QuebecH3V1A2Canada T\u00e9l\u00e9phone (514) 340-4711 Courriel info@ciraig.org Heures d&#8217;ouverture Nous sommes ouverts de 9h \u00e0 17h, les lundis au vendredi \u00e0 l&#8217;exception des jours f\u00e9ri\u00e9s.\u00a0 Pour toute question, veuillez nous contacter avec le formulaire ci-dessous ou nous \u00e9crire \u00e0 info@ciraig.org Veuillez nous accorder 3 \u00e0 5 jours [&hellip;]\" \/>\n<meta property=\"og:url\" content=\"https:\/\/ciraig.org\/index.php\/fr\/contacter\/\" \/>\n<meta property=\"og:site_name\" content=\"CIRAIG\" \/>\n<meta property=\"article:publisher\" content=\"https:\/\/www.facebook.com\/CIRAIG\/\" \/>\n<meta property=\"article:modified_time\" content=\"2022-10-04T22:11:04+00:00\" \/>\n<meta property=\"og:image\" content=\"https:\/\/ciraig.org\/wp-content\/uploads\/CIRAIG_NVID_Open-Graph-4.png\" \/>\n\t<meta property=\"og:image:width\" content=\"1200\" \/>\n\t<meta property=\"og:image:height\" content=\"627\" \/>\n\t<meta property=\"og:image:type\" content=\"image\/png\" \/>\n<meta name=\"twitter:card\" content=\"summary_large_image\" \/>\n<meta name=\"twitter:site\" content=\"@ciraig\" \/>\n<meta name=\"twitter:label1\" content=\"Est. reading time\" \/>\n\t<meta name=\"twitter:data1\" content=\"1 minute\" \/>\n<script type=\"application\/ld+json\" class=\"yoast-schema-graph\">{\"@context\":\"https:\\\/\\\/schema.org\",\"@graph\":[{\"@type\":\"WebPage\",\"@id\":\"https:\\\/\\\/ciraig.org\\\/index.php\\\/fr\\\/contacter\\\/\",\"url\":\"https:\\\/\\\/ciraig.org\\\/index.php\\\/fr\\\/contacter\\\/\",\"name\":\"Nous contacter - CIRAIG\",\"isPartOf\":{\"@id\":\"https:\\\/\\\/ciraig.org\\\/#website\"},\"primaryImageOfPage\":{\"@id\":\"https:\\\/\\\/ciraig.org\\\/index.php\\\/fr\\\/contacter\\\/#primaryimage\"},\"image\":{\"@id\":\"https:\\\/\\\/ciraig.org\\\/index.php\\\/fr\\\/contacter\\\/#primaryimage\"},\"thumbnailUrl\":\"https:\\\/\\\/ciraig.org\\\/wp-content\\\/uploads\\\/CIRAIG_NVID_Open-Graph-4.png\",\"datePublished\":\"2019-08-14T18:32:18+00:00\",\"dateModified\":\"2022-10-04T22:11:04+00:00\",\"breadcrumb\":{\"@id\":\"https:\\\/\\\/ciraig.org\\\/index.php\\\/fr\\\/contacter\\\/#breadcrumb\"},\"inLanguage\":\"en-CA\",\"potentialAction\":[{\"@type\":\"ReadAction\",\"target\":[\"https:\\\/\\\/ciraig.org\\\/index.php\\\/fr\\\/contacter\\\/\"]}]},{\"@type\":\"ImageObject\",\"inLanguage\":\"en-CA\",\"@id\":\"https:\\\/\\\/ciraig.org\\\/index.php\\\/fr\\\/contacter\\\/#primaryimage\",\"url\":\"https:\\\/\\\/ciraig.org\\\/wp-content\\\/uploads\\\/CIRAIG_NVID_Open-Graph-4.png\",\"contentUrl\":\"https:\\\/\\\/ciraig.org\\\/wp-content\\\/uploads\\\/CIRAIG_NVID_Open-Graph-4.png\",\"width\":1200,\"height\":627,\"caption\":\"CIRAIG\"},{\"@type\":\"BreadcrumbList\",\"@id\":\"https:\\\/\\\/ciraig.org\\\/index.php\\\/fr\\\/contacter\\\/#breadcrumb\",\"itemListElement\":[{\"@type\":\"ListItem\",\"position\":1,\"name\":\"Home\",\"item\":\"https:\\\/\\\/ciraig.org\\\/\"},{\"@type\":\"ListItem\",\"position\":2,\"name\":\"Nous contacter\"}]},{\"@type\":\"WebSite\",\"@id\":\"https:\\\/\\\/ciraig.org\\\/#website\",\"url\":\"https:\\\/\\\/ciraig.org\\\/\",\"name\":\"CIRAIG\",\"description\":\"Shaping and implementing metrics for sustainability\",\"publisher\":{\"@id\":\"https:\\\/\\\/ciraig.org\\\/#organization\"},\"potentialAction\":[{\"@type\":\"SearchAction\",\"target\":{\"@type\":\"EntryPoint\",\"urlTemplate\":\"https:\\\/\\\/ciraig.org\\\/?s={search_term_string}\"},\"query-input\":{\"@type\":\"PropertyValueSpecification\",\"valueRequired\":true,\"valueName\":\"search_term_string\"}}],\"inLanguage\":\"en-CA\"},{\"@type\":\"Organization\",\"@id\":\"https:\\\/\\\/ciraig.org\\\/#organization\",\"name\":\"CIRAIG\",\"url\":\"https:\\\/\\\/ciraig.org\\\/\",\"logo\":{\"@type\":\"ImageObject\",\"inLanguage\":\"en-CA\",\"@id\":\"https:\\\/\\\/ciraig.org\\\/#\\\/schema\\\/logo\\\/image\\\/\",\"url\":\"https:\\\/\\\/ciraig.org\\\/wp-content\\\/uploads\\\/CIRAIG_NVID_logo_RGB_no-tagline.png\",\"contentUrl\":\"https:\\\/\\\/ciraig.org\\\/wp-content\\\/uploads\\\/CIRAIG_NVID_logo_RGB_no-tagline.png\",\"width\":2722,\"height\":1547,\"caption\":\"CIRAIG\"},\"image\":{\"@id\":\"https:\\\/\\\/ciraig.org\\\/#\\\/schema\\\/logo\\\/image\\\/\"},\"sameAs\":[\"https:\\\/\\\/www.facebook.com\\\/CIRAIG\\\/\",\"https:\\\/\\\/x.com\\\/ciraig\",\"https:\\\/\\\/www.linkedin.com\\\/company\\\/ciraig\\\/\"]}]}<\/script>\n<!-- \/ Yoast SEO plugin. -->","yoast_head_json":{"title":"Nous contacter - CIRAIG","robots":{"index":"index","follow":"follow","max-snippet":"max-snippet:-1","max-image-preview":"max-image-preview:large","max-video-preview":"max-video-preview:-1"},"canonical":"https:\/\/ciraig.org\/index.php\/fr\/contacter\/","og_locale":"en_US","og_type":"article","og_title":"Nous contacter - CIRAIG","og_description":"Nous contacter Adresse 3333 rue Queen MarySuite 310 Montreal, QuebecH3V1A2Canada T\u00e9l\u00e9phone (514) 340-4711 Courriel info@ciraig.org Heures d&#8217;ouverture Nous sommes ouverts de 9h \u00e0 17h, les lundis au vendredi \u00e0 l&#8217;exception des jours f\u00e9ri\u00e9s.\u00a0 Pour toute question, veuillez nous contacter avec le formulaire ci-dessous ou nous \u00e9crire \u00e0 info@ciraig.org Veuillez nous accorder 3 \u00e0 5 jours [&hellip;]","og_url":"https:\/\/ciraig.org\/index.php\/fr\/contacter\/","og_site_name":"CIRAIG","article_publisher":"https:\/\/www.facebook.com\/CIRAIG\/","article_modified_time":"2022-10-04T22:11:04+00:00","og_image":[{"width":1200,"height":627,"url":"https:\/\/ciraig.org\/wp-content\/uploads\/CIRAIG_NVID_Open-Graph-4.png","type":"image\/png"}],"twitter_card":"summary_large_image","twitter_site":"@ciraig","twitter_misc":{"Est. reading time":"1 minute"},"schema":{"@context":"https:\/\/schema.org","@graph":[{"@type":"WebPage","@id":"https:\/\/ciraig.org\/index.php\/fr\/contacter\/","url":"https:\/\/ciraig.org\/index.php\/fr\/contacter\/","name":"Nous contacter - CIRAIG","isPartOf":{"@id":"https:\/\/ciraig.org\/#website"},"primaryImageOfPage":{"@id":"https:\/\/ciraig.org\/index.php\/fr\/contacter\/#primaryimage"},"image":{"@id":"https:\/\/ciraig.org\/index.php\/fr\/contacter\/#primaryimage"},"thumbnailUrl":"https:\/\/ciraig.org\/wp-content\/uploads\/CIRAIG_NVID_Open-Graph-4.png","datePublished":"2019-08-14T18:32:18+00:00","dateModified":"2022-10-04T22:11:04+00:00","breadcrumb":{"@id":"https:\/\/ciraig.org\/index.php\/fr\/contacter\/#breadcrumb"},"inLanguage":"en-CA","potentialAction":[{"@type":"ReadAction","target":["https:\/\/ciraig.org\/index.php\/fr\/contacter\/"]}]},{"@type":"ImageObject","inLanguage":"en-CA","@id":"https:\/\/ciraig.org\/index.php\/fr\/contacter\/#primaryimage","url":"https:\/\/ciraig.org\/wp-content\/uploads\/CIRAIG_NVID_Open-Graph-4.png","contentUrl":"https:\/\/ciraig.org\/wp-content\/uploads\/CIRAIG_NVID_Open-Graph-4.png","width":1200,"height":627,"caption":"CIRAIG"},{"@type":"BreadcrumbList","@id":"https:\/\/ciraig.org\/index.php\/fr\/contacter\/#breadcrumb","itemListElement":[{"@type":"ListItem","position":1,"name":"Home","item":"https:\/\/ciraig.org\/"},{"@type":"ListItem","position":2,"name":"Nous contacter"}]},{"@type":"WebSite","@id":"https:\/\/ciraig.org\/#website","url":"https:\/\/ciraig.org\/","name":"CIRAIG","description":"Shaping and implementing metrics for sustainability","publisher":{"@id":"https:\/\/ciraig.org\/#organization"},"potentialAction":[{"@type":"SearchAction","target":{"@type":"EntryPoint","urlTemplate":"https:\/\/ciraig.org\/?s={search_term_string}"},"query-input":{"@type":"PropertyValueSpecification","valueRequired":true,"valueName":"search_term_string"}}],"inLanguage":"en-CA"},{"@type":"Organization","@id":"https:\/\/ciraig.org\/#organization","name":"CIRAIG","url":"https:\/\/ciraig.org\/","logo":{"@type":"ImageObject","inLanguage":"en-CA","@id":"https:\/\/ciraig.org\/#\/schema\/logo\/image\/","url":"https:\/\/ciraig.org\/wp-content\/uploads\/CIRAIG_NVID_logo_RGB_no-tagline.png","contentUrl":"https:\/\/ciraig.org\/wp-content\/uploads\/CIRAIG_NVID_logo_RGB_no-tagline.png","width":2722,"height":1547,"caption":"CIRAIG"},"image":{"@id":"https:\/\/ciraig.org\/#\/schema\/logo\/image\/"},"sameAs":["https:\/\/www.facebook.com\/CIRAIG\/","https:\/\/x.com\/ciraig","https:\/\/www.linkedin.com\/company\/ciraig\/"]}]}},"_links":{"self":[{"href":"https:\/\/ciraig.org\/index.php\/wp-json\/wp\/v2\/pages\/930","targetHints":{"allow":["GET"]}}],"collection":[{"href":"https:\/\/ciraig.org\/index.php\/wp-json\/wp\/v2\/pages"}],"about":[{"href":"https:\/\/ciraig.org\/index.php\/wp-json\/wp\/v2\/types\/page"}],"author":[{"embeddable":true,"href":"https:\/\/ciraig.org\/index.php\/wp-json\/wp\/v2\/users\/1"}],"replies":[{"embeddable":true,"href":"https:\/\/ciraig.org\/index.php\/wp-json\/wp\/v2\/comments?post=930"}],"version-history":[{"count":46,"href":"https:\/\/ciraig.org\/index.php\/wp-json\/wp\/v2\/pages\/930\/revisions"}],"predecessor-version":[{"id":10109,"href":"https:\/\/ciraig.org\/index.php\/wp-json\/wp\/v2\/pages\/930\/revisions\/10109"}],"wp:featuredmedia":[{"embeddable":true,"href":"https:\/\/ciraig.org\/index.php\/wp-json\/wp\/v2\/media\/9804"}],"wp:attachment":[{"href":"https:\/\/ciraig.org\/index.php\/wp-json\/wp\/v2\/media?parent=930"}],"curies":[{"name":"wp","href":"https:\/\/api.w.org\/{rel}","templated":true}]}}